{"id":77,"date":"2026-03-26T10:09:08","date_gmt":"2026-03-26T10:09:08","guid":{"rendered":"https:\/\/light-visions.com\/?page_id=77"},"modified":"2026-03-27T08:18:32","modified_gmt":"2026-03-27T08:18:32","slug":"willkommen","status":"publish","type":"page","link":"https:\/\/light-visions.com\/","title":{"rendered":""},"content":{"rendered":"\n<div class=\"wp-block-group alignfull has-global-padding is-layout-constrained wp-container-core-group-is-layout-490fa1db wp-block-group-is-layout-constrained\" style=\"padding-top:var(--wp--preset--spacing--50);padding-right:var(--wp--preset--spacing--50);padding-bottom:var(--wp--preset--spacing--50);padding-left:var(--wp--preset--spacing--50)\">\n<div class=\"wp-block-group has-global-padding is-layout-constrained wp-container-core-group-is-layout-650790e1 wp-block-group-is-layout-constrained\">\n<h1 class=\"wp-block-heading has-text-align-center has-x-large-font-size\">Du bist, was du kreierst!<\/h1>\n\n\n\n<div style=\"height:1.25rem\" aria-hidden=\"true\" class=\"wp-block-spacer\"><\/div>\n\n\n\n<p class=\"has-text-align-center\">Erfolg entsteht durch das, was Sie als Unternehmen gestalten. LightVisions begleitet Sie dabei, Ihre Ideen in konkrete Ergebnisse zu verwandeln \u2013 partnerschaftlich, vertrauensvoll und individuell auf Ihre Ziele abgestimmt.<\/p>\n\n\n\n<div style=\"height:1.25rem\" aria-hidden=\"true\" class=\"wp-block-spacer\"><\/div>\n<\/div>\n\n\n\n<div style=\"height:var(--wp--preset--spacing--30)\" aria-hidden=\"true\" class=\"wp-block-spacer\"><\/div>\n\n\n\n<figure class=\"wp-block-image alignwide size-full is-style-rounded is-style-rounded--1\"><img loading=\"lazy\" decoding=\"async\" width=\"1280\" height=\"853\" src=\"https:\/\/light-visions.com\/wp-content\/uploads\/2026\/03\/5920030303898504458.jpg\" alt=\"\" class=\"wp-image-84\" srcset=\"https:\/\/light-visions.com\/wp-content\/uploads\/2026\/03\/5920030303898504458.jpg 1280w, https:\/\/light-visions.com\/wp-content\/uploads\/2026\/03\/5920030303898504458-300x200.jpg 300w, https:\/\/light-visions.com\/wp-content\/uploads\/2026\/03\/5920030303898504458-1024x682.jpg 1024w, https:\/\/light-visions.com\/wp-content\/uploads\/2026\/03\/5920030303898504458-768x512.jpg 768w\" sizes=\"auto, (max-width: 1280px) 100vw, 1280px\" \/><\/figure>\n<\/div>\n\n\n\n<div class=\"wp-block-group alignfull has-base-2-background-color has-background has-global-padding is-layout-constrained wp-container-core-group-is-layout-669513ed wp-block-group-is-layout-constrained\" style=\"margin-top:0;margin-bottom:0;padding-top:var(--wp--preset--spacing--50);padding-right:var(--wp--preset--spacing--50);padding-bottom:var(--wp--preset--spacing--50);padding-left:var(--wp--preset--spacing--50)\">\n<div class=\"wp-block-group is-vertical is-content-justification-center is-layout-flex wp-container-core-group-is-layout-52b864f0 wp-block-group-is-layout-flex\">\n<h2 class=\"wp-block-heading has-text-align-center is-style-asterisk\">Eine Leidenschaft f\u00fcr Ver\u00e4nderung<\/h2>\n\n\n\n<div style=\"height:0px\" aria-hidden=\"true\" class=\"wp-block-spacer wp-container-content-4f2ccadb\"><\/div>\n\n\n\n<p class=\"has-text-align-center\">Mit fundiertem Know-how, hoher Effizienz und umfassender Kompetenz in Change Management begleiten wir unsere Kunden schnell und zielgerichtet zum Erfolg. LightVisions steht f\u00fcr erstklassige strategische und operative Beratung in Ver\u00e4nderungsprojekten \u2013 mit besonderem Fokus auf den Bildungs-, Gesundheits- und Sozialbereich.<\/p>\n<\/div>\n\n\n\n<div style=\"margin-top:0;margin-bottom:0;height:var(--wp--preset--spacing--40)\" aria-hidden=\"true\" class=\"wp-block-spacer\"><\/div>\n\n\n\n<div class=\"wp-block-columns alignwide is-layout-flex wp-container-core-columns-is-layout-d0bbbce0 wp-block-columns-is-layout-flex\">\n<div class=\"wp-block-column is-layout-flow wp-container-core-column-is-layout-e3d1c41b wp-block-column-is-layout-flow\">\n<h3 class=\"wp-block-heading has-text-align-left is-style-asterisk has-body-font-family has-medium-font-size\" style=\"font-style:normal;font-weight:600\">Kommunikationsarbeiten und journalistischen T\u00e4tigkeiten<\/h3>\n\n\n\n<p class=\"has-text-align-left\">Wir \u00fcbernehmen Kommunikationsaufgaben und journalistische T\u00e4tigkeiten. Weltweit, pr\u00e4zise, professionell und zielgruppengerecht.<\/p>\n<\/div>\n\n\n\n<div class=\"wp-block-column is-layout-flow wp-container-core-column-is-layout-e3d1c41b wp-block-column-is-layout-flow\">\n<h3 class=\"wp-block-heading has-text-align-left is-style-asterisk has-body-font-family has-medium-font-size\" style=\"font-style:normal;font-weight:600\">Beratung und Umsetzung von Transoformationsprojekten<\/h3>\n\n\n\n<p class=\"has-text-align-left\">Wir begleiten Transformationsprojekte von der Planung bis zur Umsetzung. Strukturiert, zielgerichtet und wirksam.<\/p>\n<\/div>\n\n\n\n<div class=\"wp-block-column is-layout-flow wp-container-core-column-is-layout-e3d1c41b wp-block-column-is-layout-flow\">\n<h3 class=\"wp-block-heading has-text-align-left is-style-asterisk has-body-font-family has-medium-font-size\" style=\"font-style:normal;font-weight:600\">Planung von Meilensteinen<\/h3>\n\n\n\n<p class=\"has-text-align-left\">Wir definieren klare Meilensteine, die Orientierung schaffen und den Fortschritt Ihrer Projekte gezielt steuern.<\/p>\n<\/div>\n<\/div>\n\n\n\n<div style=\"height:var(--wp--preset--spacing--20)\" aria-hidden=\"true\" class=\"wp-block-spacer\"><\/div>\n\n\n\n<div class=\"wp-block-columns alignwide is-layout-flex wp-container-core-columns-is-layout-d0bbbce0 wp-block-columns-is-layout-flex\">\n<div class=\"wp-block-column is-layout-flow wp-container-core-column-is-layout-e3d1c41b wp-block-column-is-layout-flow\">\n<h3 class=\"wp-block-heading has-text-align-left is-style-asterisk has-body-font-family has-medium-font-size\" style=\"font-style:normal;font-weight:600\">\u00dcbernahme von administrativen T\u00e4tigkeiten (Outsourcing)<\/h3>\n\n\n\n<p class=\"has-text-align-left\">Wir \u00fcbernehmen administrative Aufgaben zuverl\u00e4ssig und effizient, damit Sie sich auf Ihr Kerngesch\u00e4ft konzentrieren k\u00f6nnen.<\/p>\n<\/div>\n\n\n\n<div class=\"wp-block-column is-layout-flow wp-container-core-column-is-layout-e3d1c41b wp-block-column-is-layout-flow\">\n<h3 class=\"wp-block-heading has-text-align-left is-style-asterisk has-body-font-family has-medium-font-size\" style=\"font-style:normal;font-weight:600\">Coaching des strategischen und operativen Managements<\/h3>\n\n\n\n<p class=\"has-text-align-left\">Wir st\u00e4rken Ihr Management durch gezieltes Coaching. Strategisch wie operativ, f\u00fcr nachhaltige F\u00fchrungserfolge.<\/p>\n<\/div>\n\n\n\n<div class=\"wp-block-column is-layout-flow wp-container-core-column-is-layout-e3d1c41b wp-block-column-is-layout-flow\">\n<h3 class=\"wp-block-heading has-text-align-left is-style-asterisk has-body-font-family has-medium-font-size\" style=\"font-style:normal;font-weight:600\">Teamentwicklung und Krisenintevention<\/h3>\n\n\n\n<p class=\"has-text-align-left\">Wir st\u00e4rken Teams und begleiten Sie in Krisensituationen. L\u00f6sungsorientiert und stabilisierend.<\/p>\n<\/div>\n<\/div>\n<\/div>\n\n\n\n<div class=\"wp-block-group alignfull has-global-padding is-layout-constrained wp-container-core-group-is-layout-d89aad35 wp-block-group-is-layout-constrained\" style=\"margin-top:0;margin-bottom:0;padding-top:var(--wp--preset--spacing--50);padding-right:var(--wp--preset--spacing--50);padding-bottom:var(--wp--preset--spacing--50);padding-left:var(--wp--preset--spacing--50)\">\n<div class=\"wp-block-group alignwide has-global-padding is-layout-constrained wp-container-core-group-is-layout-19e250f3 wp-block-group-is-layout-constrained\">\n<div class=\"wp-block-group is-vertical is-content-justification-center is-layout-flex wp-container-core-group-is-layout-6329a8f3 wp-block-group-is-layout-flex\">\n<h2 class=\"wp-block-heading has-text-align-center is-style-asterisk\">Eine Reihe von Ressourcen<\/h2>\n\n\n\n<p class=\"has-text-align-center\">Unser umfassendes Angebot an professionellen Dienstleistungen richtet sich an einen breit gef\u00e4cherten Kundenkreis.<\/p>\n<\/div>\n\n\n\n<div style=\"height:var(--wp--preset--spacing--40)\" aria-hidden=\"true\" class=\"wp-block-spacer\"><\/div>\n\n\n\n<div class=\"wp-block-columns alignwide is-layout-flex wp-container-core-columns-is-layout-d1c656ed wp-block-columns-is-layout-flex\">\n<div class=\"wp-block-column is-vertically-aligned-center is-layout-flow wp-block-column-is-layout-flow\" style=\"flex-basis:40%\">\n<h3 class=\"wp-block-heading is-style-asterisk\">\u201eUnd pl\u00f6tzlich wei\u00dft du: Es ist Zeit, etwas Neues zu beginnen und dem Zauber des Anfangs zu vertrauen.\u201c<\/h3>\n\n\n\n<p>Meister Eckhart<\/p>\n<\/div>\n\n\n\n<div class=\"wp-block-column is-layout-flow wp-block-column-is-layout-flow\" style=\"flex-basis:50%\">\n<figure class=\"wp-block-image size-large is-style-rounded is-style-rounded--2\"><img loading=\"lazy\" decoding=\"async\" width=\"1024\" height=\"683\" src=\"https:\/\/light-visions.com\/wp-content\/uploads\/2023\/02\/iStock-1044022268-1024x683.jpeg\" alt=\"\" class=\"wp-image-6\" srcset=\"https:\/\/light-visions.com\/wp-content\/uploads\/2023\/02\/iStock-1044022268-1024x683.jpeg 1024w, https:\/\/light-visions.com\/wp-content\/uploads\/2023\/02\/iStock-1044022268-300x200.jpeg 300w, https:\/\/light-visions.com\/wp-content\/uploads\/2023\/02\/iStock-1044022268-768x512.jpeg 768w, https:\/\/light-visions.com\/wp-content\/uploads\/2023\/02\/iStock-1044022268-1536x1024.jpeg 1536w, https:\/\/light-visions.com\/wp-content\/uploads\/2023\/02\/iStock-1044022268-2048x1365.jpeg 2048w\" sizes=\"auto, (max-width: 1024px) 100vw, 1024px\" \/><\/figure>\n<\/div>\n<\/div>\n\n\n\n<div style=\"height:var(--wp--preset--spacing--40)\" aria-hidden=\"true\" class=\"wp-block-spacer\"><\/div>\n<\/div>\n<\/div>\n\n\n\n<div class=\"wp-block-group alignfull has-base-color has-contrast-background-color has-text-color has-background has-global-padding is-layout-constrained wp-container-core-group-is-layout-ef3d885c wp-block-group-is-layout-constrained\" style=\"margin-top:0;margin-bottom:0;padding-top:var(--wp--preset--spacing--60);padding-right:var(--wp--preset--spacing--60);padding-bottom:var(--wp--preset--spacing--60);padding-left:var(--wp--preset--spacing--60)\">\n<div class=\"wp-block-group has-global-padding is-layout-constrained wp-block-group-is-layout-constrained\">\n<p class=\"has-text-align-center has-base-color has-text-color has-heading-font-family has-x-large-font-size\" style=\"line-height:1.2\"><em>\u201eNichts ist so best\u00e4ndig wie der Wandel.\u201c<\/em><\/p>\n\n\n\n<div style=\"height:var(--wp--preset--spacing--10)\" aria-hidden=\"true\" class=\"wp-block-spacer\"><\/div>\n\n\n\n<div class=\"wp-block-group is-vertical is-content-justification-center is-nowrap is-layout-flex wp-container-core-group-is-layout-2dc08cea wp-block-group-is-layout-flex\">\n<p class=\"has-text-align-center\" style=\"margin-top:var(--wp--preset--spacing--10);margin-bottom:0\">Heraklit<\/p>\n\n\n\n<p class=\"has-text-align-center has-contrast-3-color has-text-color has-small-font-size\" style=\"font-style:normal;font-weight:300\"><\/p>\n<\/div>\n<\/div>\n<\/div>\n\n\n","protected":false},"excerpt":{"rendered":"<p>Du bist, was du kreierst! Erfolg entsteht durch das, was Sie als Unternehmen gestalten. LightVisions begleitet Sie dabei, Ihre Ideen in konkrete Ergebnisse zu verwandeln \u2013 partnerschaftlich, vertrauensvoll und individuell auf Ihre Ziele abgestimmt. Eine Leidenschaft f\u00fcr Ver\u00e4nderung Mit fundiertem Know-how, hoher Effizienz und umfassender Kompetenz in Change Management begleiten wir unsere Kunden schnell und [&hellip;]<\/p>\n","protected":false},"author":2,"featured_media":0,"parent":0,"menu_order":0,"comment_status":"closed","ping_status":"closed","template":"","meta":{"footnotes":""},"class_list":["post-77","page","type-page","status-publish","hentry"],"_links":{"self":[{"href":"https:\/\/light-visions.com\/index.php?rest_route=\/wp\/v2\/pages\/77","targetHints":{"allow":["GET"]}}],"collection":[{"href":"https:\/\/light-visions.com\/index.php?rest_route=\/wp\/v2\/pages"}],"about":[{"href":"https:\/\/light-visions.com\/index.php?rest_route=\/wp\/v2\/types\/page"}],"author":[{"embeddable":true,"href":"https:\/\/light-visions.com\/index.php?rest_route=\/wp\/v2\/users\/2"}],"replies":[{"embeddable":true,"href":"https:\/\/light-visions.com\/index.php?rest_route=%2Fwp%2Fv2%2Fcomments&post=77"}],"version-history":[{"count":14,"href":"https:\/\/light-visions.com\/index.php?rest_route=\/wp\/v2\/pages\/77\/revisions"}],"predecessor-version":[{"id":103,"href":"https:\/\/light-visions.com\/index.php?rest_route=\/wp\/v2\/pages\/77\/revisions\/103"}],"wp:attachment":[{"href":"https:\/\/light-visions.com\/index.php?rest_route=%2Fwp%2Fv2%2Fmedia&parent=77"}],"curies":[{"name":"wp","href":"https:\/\/api.w.org\/{rel}","templated":true}]}}