{"id":111,"date":"2026-03-27T08:41:00","date_gmt":"2026-03-27T08:41:00","guid":{"rendered":"https:\/\/light-visions.com\/?page_id=111"},"modified":"2026-04-01T08:18:12","modified_gmt":"2026-04-01T08:18:12","slug":"angebot","status":"publish","type":"page","link":"https:\/\/light-visions.com\/?page_id=111","title":{"rendered":""},"content":{"rendered":"\n<div class=\"wp-block-group alignfull has-global-padding is-layout-constrained wp-container-core-group-is-layout-490fa1db wp-block-group-is-layout-constrained\" style=\"padding-top:var(--wp--preset--spacing--50);padding-right:var(--wp--preset--spacing--50);padding-bottom:var(--wp--preset--spacing--50);padding-left:var(--wp--preset--spacing--50)\">\n<div class=\"wp-block-group has-global-padding is-layout-constrained wp-container-core-group-is-layout-650790e1 wp-block-group-is-layout-constrained\">\n<h1 class=\"wp-block-heading has-text-align-center has-x-large-font-size\">\u00abDer Kunde im Mittelpunkt\u00bb<\/h1>\n\n\n\n<div style=\"height:29px\" aria-hidden=\"true\" class=\"wp-block-spacer\"><\/div>\n\n\n\n<div style=\"height:1.25rem\" aria-hidden=\"true\" class=\"wp-block-spacer\"><\/div>\n\n\n\n<p class=\"has-text-align-center\">Unsere Leistungen bieten wir weltweit und flexibel im virtuellen Rahmen an. Sie bestimmen die Form der Zusammenarbeit, w\u00e4hrend wir Sie effizient und zielgerichtet durch Ihre Projekte begleiten.<\/p>\n\n\n\n<div style=\"height:1.25rem\" aria-hidden=\"true\" class=\"wp-block-spacer\"><\/div>\n<\/div>\n\n\n\n<div style=\"height:var(--wp--preset--spacing--30)\" aria-hidden=\"true\" class=\"wp-block-spacer\"><\/div>\n\n\n\n<figure class=\"wp-block-image alignwide size-full is-style-rounded is-style-rounded--1\"><img loading=\"lazy\" decoding=\"async\" width=\"1280\" height=\"853\" src=\"https:\/\/light-visions.com\/wp-content\/uploads\/2026\/03\/5920030303898504556.jpg\" alt=\"\" class=\"wp-image-99\" srcset=\"https:\/\/light-visions.com\/wp-content\/uploads\/2026\/03\/5920030303898504556.jpg 1280w, https:\/\/light-visions.com\/wp-content\/uploads\/2026\/03\/5920030303898504556-300x200.jpg 300w, https:\/\/light-visions.com\/wp-content\/uploads\/2026\/03\/5920030303898504556-1024x682.jpg 1024w, https:\/\/light-visions.com\/wp-content\/uploads\/2026\/03\/5920030303898504556-768x512.jpg 768w\" sizes=\"auto, (max-width: 1280px) 100vw, 1280px\" \/><\/figure>\n<\/div>\n\n\n\n<div class=\"wp-block-group alignfull has-base-2-background-color has-background has-global-padding is-layout-constrained wp-container-core-group-is-layout-669513ed wp-block-group-is-layout-constrained\" style=\"margin-top:0;margin-bottom:0;padding-top:var(--wp--preset--spacing--50);padding-right:var(--wp--preset--spacing--50);padding-bottom:var(--wp--preset--spacing--50);padding-left:var(--wp--preset--spacing--50)\">\n<div class=\"wp-block-group is-vertical is-content-justification-center is-layout-flex wp-container-core-group-is-layout-52b864f0 wp-block-group-is-layout-flex\">\n<h2 class=\"wp-block-heading has-text-align-center is-style-asterisk\">Ver\u00e4nderung und Wandel als Chance nutzen<\/h2>\n\n\n\n<div style=\"height:0px\" aria-hidden=\"true\" class=\"wp-block-spacer wp-container-content-4f2ccadb\"><\/div>\n\n\n\n<p class=\"has-text-align-center\">Ver\u00e4nderung ist ein zentraler Bestandteil unternehmerischen Erfolgs. Sie schafft Raum f\u00fcr Entwicklung, Innovation und neue Perspektiven. Auch wenn Wandel Herausforderungen mit sich bringt, bietet er zugleich wertvolle Chancen f\u00fcr Wachstum und Fortschritt. Wir begleiten Sie als verl\u00e4sslicher Partner auf diesem Weg.<\/p>\n<\/div>\n\n\n\n<div style=\"margin-top:0;margin-bottom:0;height:var(--wp--preset--spacing--40)\" aria-hidden=\"true\" class=\"wp-block-spacer\"><\/div>\n\n\n\n<div class=\"wp-block-columns alignwide is-layout-flex wp-container-core-columns-is-layout-d0bbbce0 wp-block-columns-is-layout-flex\">\n<div class=\"wp-block-column is-layout-flow wp-container-core-column-is-layout-e3d1c41b wp-block-column-is-layout-flow\">\n<h3 class=\"wp-block-heading has-text-align-left is-style-asterisk has-body-font-family has-medium-font-size\" style=\"font-style:normal;font-weight:600\">Von der Vision zur erfolgreichen Umsetzung<\/h3>\n\n\n\n<p class=\"has-text-align-left\">Wir unterst\u00fctzen Sie dabei, Ihr Unternehmen weiterzuentwickeln. Von der klaren Vision \u00fcber die passende Strategie bis hin zur erfolgreichen Umsetzung.<\/p>\n<\/div>\n\n\n\n<div class=\"wp-block-column is-layout-flow wp-container-core-column-is-layout-e3d1c41b wp-block-column-is-layout-flow\">\n<h3 class=\"wp-block-heading has-text-align-left is-style-asterisk has-body-font-family has-medium-font-size\" style=\"font-style:normal;font-weight:600\">Strukturen schaffen f\u00fcr nachhaltigen Erfolg<\/h3>\n\n\n\n<p class=\"has-text-align-left\">Wir schaffen klare Strukturen, definieren effiziente Abl\u00e4ufe und verteilen Kompetenzen gezielt. F\u00fcr ein stabiles Fundament und nachhaltiges Wachstum.<\/p>\n<\/div>\n\n\n\n<div class=\"wp-block-column is-layout-flow wp-container-core-column-is-layout-e3d1c41b wp-block-column-is-layout-flow\">\n<h3 class=\"wp-block-heading has-text-align-left is-style-asterisk has-body-font-family has-medium-font-size\" style=\"font-style:normal;font-weight:600\">Innovationsprojekte erfolgreich umsetzen<\/h3>\n\n\n\n<p class=\"has-text-align-left\">Wir unterst\u00fctzen Sie dabei, Ihre Innovationsprojekte strukturiert und zeitnah umzusetzen, damit aus Ideen konkrete Ergebnisse entstehen.<\/p>\n<\/div>\n<\/div>\n\n\n\n<div style=\"height:var(--wp--preset--spacing--20)\" aria-hidden=\"true\" class=\"wp-block-spacer\"><\/div>\n\n\n\n<div class=\"wp-block-columns alignwide is-layout-flex wp-container-core-columns-is-layout-d0bbbce0 wp-block-columns-is-layout-flex\">\n<div class=\"wp-block-column is-layout-flow wp-container-core-column-is-layout-e3d1c41b wp-block-column-is-layout-flow\">\n<h3 class=\"wp-block-heading has-text-align-left is-style-asterisk has-body-font-family has-medium-font-size\" style=\"font-style:normal;font-weight:600\">Change-Management in Unternehmen erfolgreich gestalten<\/h3>\n\n\n\n<p class=\"has-text-align-left\">Wir begleiten Sie dabei, Ver\u00e4nderungen strukturiert umzusetzen und wertsch\u00f6pfend im Unternehmen zu verankern.<\/p>\n<\/div>\n\n\n\n<div class=\"wp-block-column is-layout-flow wp-container-core-column-is-layout-e3d1c41b wp-block-column-is-layout-flow\">\n<h3 class=\"wp-block-heading has-text-align-left is-style-asterisk has-body-font-family has-medium-font-size\" style=\"font-style:normal;font-weight:600\">Einf\u00fchrung und Anwendung eines Umsetzungskontrollsystems<\/h3>\n\n\n\n<p class=\"has-text-align-left\">Wir f\u00fchren ein Performance Measurement System ein, das Fortschritte messbar macht und Ihnen hilft, Ihr Unternehmen gezielt zu steuern.<\/p>\n<\/div>\n\n\n\n<div class=\"wp-block-column is-layout-flow wp-container-core-column-is-layout-e3d1c41b wp-block-column-is-layout-flow\">\n<h3 class=\"wp-block-heading has-text-align-left is-style-asterisk has-body-font-family has-medium-font-size\" style=\"font-style:normal;font-weight:600\">Architektonische Fundierte Analysen als Entscheidungsbasis<\/h3>\n\n\n\n<p class=\"has-text-align-left\">Wir liefern klare Analysen Ihres Umfelds und Ihrer internen Strukturen, um Ihrem Management fundierte Entscheidungen und gezielte Weiterentwicklung zu erm\u00f6glichen.<\/p>\n\n\n\n<div style=\"height:61px\" aria-hidden=\"true\" class=\"wp-block-spacer\"><\/div>\n<\/div>\n<\/div>\n\n\n\n<figure class=\"wp-block-image size-large is-style-rounded is-style-rounded--2\"><img loading=\"lazy\" decoding=\"async\" width=\"1024\" height=\"376\" src=\"https:\/\/light-visions.com\/wp-content\/uploads\/2026\/03\/iStock-2176201456-1024x376.jpg\" alt=\"\" class=\"wp-image-100\" srcset=\"https:\/\/light-visions.com\/wp-content\/uploads\/2026\/03\/iStock-2176201456-1024x376.jpg 1024w, https:\/\/light-visions.com\/wp-content\/uploads\/2026\/03\/iStock-2176201456-300x110.jpg 300w, https:\/\/light-visions.com\/wp-content\/uploads\/2026\/03\/iStock-2176201456-768x282.jpg 768w, https:\/\/light-visions.com\/wp-content\/uploads\/2026\/03\/iStock-2176201456-1536x563.jpg 1536w, https:\/\/light-visions.com\/wp-content\/uploads\/2026\/03\/iStock-2176201456-2048x751.jpg 2048w\" sizes=\"auto, (max-width: 1024px) 100vw, 1024px\" \/><\/figure>\n<\/div>\n\n\n\n<div class=\"wp-block-group alignfull has-global-padding is-layout-constrained wp-container-core-group-is-layout-d89aad35 wp-block-group-is-layout-constrained\" style=\"margin-top:0;margin-bottom:0;padding-top:var(--wp--preset--spacing--50);padding-right:var(--wp--preset--spacing--50);padding-bottom:var(--wp--preset--spacing--50);padding-left:var(--wp--preset--spacing--50)\">\n<div class=\"wp-block-group alignwide has-global-padding is-layout-constrained wp-container-core-group-is-layout-19e250f3 wp-block-group-is-layout-constrained\">\n<div class=\"wp-block-group is-vertical is-content-justification-center is-layout-flex wp-container-core-group-is-layout-6329a8f3 wp-block-group-is-layout-flex\">\n<h2 class=\"wp-block-heading has-text-align-center is-style-asterisk\">Flexible L\u00f6sungen f\u00fcr Ihr Unternehmen<\/h2>\n\n\n\n<p class=\"has-text-align-center\">Unser breites Dienstleistungsangebot bietet Ihnen passgenaue L\u00f6sungen f\u00fcr Ihre Bed\u00fcrfnisse. Mit fixen Monatsabos gewinnen Sie Planungssicherheit, Zeit und Unabh\u00e4ngigkeit. F\u00fcr weniger klar definierbare Aufgaben stehen Ihnen flexible Zeitgutschriften zur Verf\u00fcgung, die ein Jahr g\u00fcltig sind. W\u00e4hlen Sie das Modell, das am besten zu Ihnen passt.<\/p>\n\n\n\n<div style=\"height:43px\" aria-hidden=\"true\" class=\"wp-block-spacer wp-container-content-5522c953\"><\/div>\n<\/div>\n\n\n\n<div class=\"wp-block-group is-vertical is-content-justification-center is-layout-flex wp-container-core-group-is-layout-6329a8f3 wp-block-group-is-layout-flex\">\n<h2 class=\"wp-block-heading has-text-align-center is-style-asterisk\">Das erwartet Sie<\/h2>\n\n\n\n<p class=\"has-text-align-center\">Nach Ihrer Buchung nehmen wir Kontakt mit Ihnen auf und richten Ihren pers\u00f6nlichen Mitgliederbereich ein. Sie bestimmen, wer Zugriff erh\u00e4lt. Dort k\u00f6nnen Sie Ihre Unterlagen und Informationen mit uns teilen, w\u00e4hrend wir alle erarbeiteten Dokumente f\u00fcr Sie bereitstellen. Nach einer K\u00fcndigung haben Sie noch 5 Tage Zeit, Ihre Daten herunterzuladen. Danach werden sie aus Sicherheitsgr\u00fcnden vollst\u00e4ndig gel\u00f6scht.<\/p>\n\n\n\n<div style=\"height:0px\" aria-hidden=\"true\" class=\"wp-block-spacer wp-container-content-5522c953\"><\/div>\n<\/div>\n\n\n\n<div class=\"wp-block-group is-vertical is-content-justification-center is-layout-flex wp-container-core-group-is-layout-6329a8f3 wp-block-group-is-layout-flex\">\n<h2 class=\"wp-block-heading has-text-align-center is-style-asterisk\">Ihre M\u00f6glichkeiten auf einen Blick<\/h2>\n<\/div>\n\n\n\n<div style=\"height:var(--wp--preset--spacing--40)\" aria-hidden=\"true\" class=\"wp-block-spacer\"><\/div>\n\n\n\n<div class=\"wp-block-columns are-vertically-aligned-center is-layout-flex wp-container-core-columns-is-layout-28f84493 wp-block-columns-is-layout-flex\">\n<div class=\"wp-block-column is-vertically-aligned-center is-layout-flow wp-block-column-is-layout-flow\">\n<div class=\"wp-block-buttons is-layout-flex wp-block-buttons-is-layout-flex\">\n<div class=\"wp-block-button has-custom-width wp-block-button__width-100\"><a class=\"wp-block-button__link has-accent-2-background-color has-background wp-element-button\">1 : 1 Coaching<br><em>F\u00fcr Ihre individuelle und fokussierte Online-Beratung<\/em><\/a><\/div>\n<\/div>\n<\/div>\n\n\n\n<div class=\"wp-block-column is-vertically-aligned-center is-layout-flow wp-block-column-is-layout-flow\">\n<div class=\"wp-block-buttons is-layout-flex wp-block-buttons-is-layout-flex\">\n<div class=\"wp-block-button has-custom-width wp-block-button__width-100\"><a class=\"wp-block-button__link has-accent-2-background-color has-background wp-element-button\">Flex Pakete <br>mit Zeitguthaben<br><em>F\u00fcr Ihre Online-Begleitung<\/em><\/a><\/div>\n<\/div>\n<\/div>\n\n\n\n<div class=\"wp-block-column is-vertically-aligned-center is-layout-flow wp-block-column-is-layout-flow\">\n<div class=\"wp-block-buttons is-content-justification-center is-layout-flex wp-container-core-buttons-is-layout-a89b3969 wp-block-buttons-is-layout-flex\">\n<div class=\"wp-block-button has-custom-width wp-block-button__width-100\"><a class=\"wp-block-button__link has-accent-2-background-color has-background has-text-align-center wp-element-button\">Monatliches <br>Online-Abo <br><em>Exklusiv f\u00fcr bestehende Kunden<\/em><\/a><\/div>\n<\/div>\n<\/div>\n<\/div>\n\n\n\n<div style=\"height:var(--wp--preset--spacing--40)\" aria-hidden=\"true\" class=\"wp-block-spacer\"><\/div>\n\n\n\n<div class=\"wp-block-columns is-layout-flex wp-container-core-columns-is-layout-28f84493 wp-block-columns-is-layout-flex\">\n<div class=\"wp-block-column is-layout-flow wp-block-column-is-layout-flow\">\n<div class=\"wp-block-group is-vertical is-layout-flex wp-container-core-group-is-layout-fe9cc265 wp-block-group-is-layout-flex\">\n<details class=\"wp-block-details is-layout-flow wp-block-details-is-layout-flow\"><summary><em>Ihre pers\u00f6nliche und zielgerichtete Online-Begleitung im Business-Alltag<\/em><br><\/summary>\n<p>Wir bieten Ihnen ein ma\u00dfgeschneidertes Online-Coaching, das sich exakt an Ihren Bed\u00fcrfnissen orientiert. Gemeinsam analysieren wir Ihre aktuelle Situation und erarbeiten konkrete, praxisnahe L\u00f6sungen f\u00fcr Ihren Erfolg.<\/p>\n<\/details>\n\n\n\n<div style=\"height:35px\" aria-hidden=\"true\" class=\"wp-block-spacer wp-container-content-8af585c5\"><\/div>\n\n\n\n<div class=\"wp-block-buttons is-layout-flex wp-block-buttons-is-layout-flex\">\n<div class=\"wp-block-button\"><a class=\"wp-block-button__link has-accent-background-color has-background wp-element-button\" href=\"https:\/\/www.checkout-ds24.com\/product\/680846\">Buchen Sie jetzt<\/a><\/div>\n<\/div>\n<\/div>\n<\/div>\n\n\n\n<div class=\"wp-block-column is-layout-flow wp-block-column-is-layout-flow\">\n<div class=\"wp-block-group is-vertical is-layout-flex wp-container-core-group-is-layout-fe9cc265 wp-block-group-is-layout-flex\">\n<details class=\"wp-block-details is-layout-flow wp-block-details-is-layout-flow\"><summary>Maximale Flexibilit\u00e4t f\u00fcr Ihre Bed\u00fcrfnisse, Vorhaben und Projekte<\/summary>\n<p>Es werden ausschlie\u00dflich die tats\u00e4chlich geleisteten Stunden verrechnet. Transparent im 15-Minuten-Takt. Nicht genutzte Minuten bleiben als Guthaben bestehen und werden automatisch in den Folgemonat \u00fcbertragen. Das Guthaben ist bis zu 12 Monate ab Kauf g\u00fcltig. Nach jeder Abbuchung erhalten Sie eine \u00dcbersicht \u00fcber Ihren aktuellen Zeitsaldo<\/p>\n<\/details>\n<\/div>\n\n\n\n<div style=\"height:61px\" aria-hidden=\"true\" class=\"wp-block-spacer\"><\/div>\n\n\n\n<div class=\"wp-block-buttons is-layout-flex wp-block-buttons-is-layout-flex\">\n<div class=\"wp-block-button\"><a class=\"wp-block-button__link has-accent-background-color has-background wp-element-button\" href=\"https:\/\/www.checkout-ds24.com\/product\/680840\">Buchen Sie jetzt<\/a><\/div>\n<\/div>\n<\/div>\n\n\n\n<div class=\"wp-block-column is-layout-flow wp-block-column-is-layout-flow\">\n<div class=\"wp-block-group is-vertical is-layout-flex wp-container-core-group-is-layout-fe9cc265 wp-block-group-is-layout-flex\">\n<details class=\"wp-block-details is-layout-flow wp-block-details-is-layout-flow\"><summary>Ihr \u00abSorglos-Paket\u00bb f\u00fcr die kontinuierliche Business-Begleitung.<\/summary>\n<p>Wir \u00fcbernehmen alles, was Sie f\u00fcr Ihr Unternehmen ben\u00f6tigen. Zuverl\u00e4ssig, flexibel und individuell auf Sie abgestimmt. Dieses Abo richtet sich ausschlie\u00dflich an Kunden, die bereits mit uns zusammengearbeitet haben.<\/p>\n<\/details>\n<\/div>\n\n\n\n<div style=\"height:61px\" aria-hidden=\"true\" class=\"wp-block-spacer\"><\/div>\n\n\n\n<div class=\"wp-block-buttons is-layout-flex wp-block-buttons-is-layout-flex\">\n<div class=\"wp-block-button\"><a class=\"wp-block-button__link has-accent-background-color has-background wp-element-button\" href=\"https:\/\/www.checkout-ds24.com\/product\/679616\">Buchen Sie jetzt<\/a><\/div>\n<\/div>\n<\/div>\n<\/div>\n\n\n\n<div style=\"height:38px\" aria-hidden=\"true\" class=\"wp-block-spacer\"><\/div>\n\n\n\n<p class=\"has-text-align-left\">Der Verkauf l\u00e4uft bei allen Varianten \u00fcber Digistore24, R\u00fcckgaberecht 14 Tage.<\/p>\n\n\n\n<div style=\"height:68px\" aria-hidden=\"true\" class=\"wp-block-spacer\"><\/div>\n\n\n\n<figure class=\"wp-block-image size-large is-style-rounded is-style-rounded--3\"><img loading=\"lazy\" decoding=\"async\" width=\"1024\" height=\"683\" src=\"https:\/\/light-visions.com\/wp-content\/uploads\/2026\/03\/iStock-1074146190-1024x683.jpeg\" alt=\"\" class=\"wp-image-97\" srcset=\"https:\/\/light-visions.com\/wp-content\/uploads\/2026\/03\/iStock-1074146190-1024x683.jpeg 1024w, https:\/\/light-visions.com\/wp-content\/uploads\/2026\/03\/iStock-1074146190-300x200.jpeg 300w, https:\/\/light-visions.com\/wp-content\/uploads\/2026\/03\/iStock-1074146190-768x512.jpeg 768w, https:\/\/light-visions.com\/wp-content\/uploads\/2026\/03\/iStock-1074146190-1536x1025.jpeg 1536w, https:\/\/light-visions.com\/wp-content\/uploads\/2026\/03\/iStock-1074146190-2048x1366.jpeg 2048w\" sizes=\"auto, (max-width: 1024px) 100vw, 1024px\" \/><\/figure>\n<\/div>\n<\/div>\n","protected":false},"excerpt":{"rendered":"<p>\u00abDer Kunde im Mittelpunkt\u00bb Unsere Leistungen bieten wir weltweit und flexibel im virtuellen Rahmen an. Sie bestimmen die Form der Zusammenarbeit, w\u00e4hrend wir Sie effizient und zielgerichtet durch Ihre Projekte begleiten. Ver\u00e4nderung und Wandel als Chance nutzen Ver\u00e4nderung ist ein zentraler Bestandteil unternehmerischen Erfolgs. Sie schafft Raum f\u00fcr Entwicklung, Innovation und neue Perspektiven. Auch wenn [&hellip;]<\/p>\n","protected":false},"author":2,"featured_media":0,"parent":0,"menu_order":0,"comment_status":"closed","ping_status":"closed","template":"","meta":{"footnotes":""},"class_list":["post-111","page","type-page","status-publish","hentry"],"_links":{"self":[{"href":"https:\/\/light-visions.com\/index.php?rest_route=\/wp\/v2\/pages\/111","targetHints":{"allow":["GET"]}}],"collection":[{"href":"https:\/\/light-visions.com\/index.php?rest_route=\/wp\/v2\/pages"}],"about":[{"href":"https:\/\/light-visions.com\/index.php?rest_route=\/wp\/v2\/types\/page"}],"author":[{"embeddable":true,"href":"https:\/\/light-visions.com\/index.php?rest_route=\/wp\/v2\/users\/2"}],"replies":[{"embeddable":true,"href":"https:\/\/light-visions.com\/index.php?rest_route=%2Fwp%2Fv2%2Fcomments&post=111"}],"version-history":[{"count":40,"href":"https:\/\/light-visions.com\/index.php?rest_route=\/wp\/v2\/pages\/111\/revisions"}],"predecessor-version":[{"id":162,"href":"https:\/\/light-visions.com\/index.php?rest_route=\/wp\/v2\/pages\/111\/revisions\/162"}],"wp:attachment":[{"href":"https:\/\/light-visions.com\/index.php?rest_route=%2Fwp%2Fv2%2Fmedia&parent=111"}],"curies":[{"name":"wp","href":"https:\/\/api.w.org\/{rel}","templated":true}]}}